{"id":8021,"date":"2024-11-25T14:09:02","date_gmt":"2024-11-25T13:09:02","guid":{"rendered":"https:\/\/ane.plannertest.com\/aviso-legal\/"},"modified":"2024-11-25T16:53:48","modified_gmt":"2024-11-25T15:53:48","slug":"aviso-legal","status":"publish","type":"page","link":"https:\/\/www.ane-nie.com\/eu\/aviso-legal\/","title":{"rendered":"Aviso legal"},"content":{"rendered":"[vc_row type=&#8221;in_container&#8221; full_screen_row_position=&#8221;middle&#8221; column_margin=&#8221;default&#8221; column_direction=&#8221;default&#8221; column_direction_tablet=&#8221;default&#8221; column_direction_phone=&#8221;default&#8221; scene_position=&#8221;center&#8221; top_padding=&#8221;120px&#8221; text_color=&#8221;dark&#8221; text_align=&#8221;left&#8221; row_border_radius=&#8221;none&#8221; row_border_radius_applies=&#8221;bg&#8221; overflow=&#8221;visible&#8221; overlay_strength=&#8221;0.3&#8243; gradient_direction=&#8221;left_to_right&#8221; shape_divider_position=&#8221;bottom&#8221; bg_image_animation=&#8221;none&#8221; gradient_type=&#8221;default&#8221; shape_type=&#8221;&#8221;][vc_column column_padding=&#8221;no-extra-padding&#8221; column_padding_tablet=&#8221;inherit&#8221; column_padding_phone=&#8221;inherit&#8221; column_padding_position=&#8221;all&#8221; column_element_direction_desktop=&#8221;default&#8221; column_element_spacing=&#8221;default&#8221; desktop_text_alignment=&#8221;default&#8221; tablet_text_alignment=&#8221;default&#8221; phone_text_alignment=&#8221;default&#8221; background_color_opacity=&#8221;1&#8243; background_hover_color_opacity=&#8221;1&#8243; column_backdrop_filter=&#8221;none&#8221; column_shadow=&#8221;none&#8221; column_border_radius=&#8221;none&#8221; column_link_target=&#8221;_self&#8221; column_position=&#8221;default&#8221; gradient_direction=&#8221;left_to_right&#8221; overlay_strength=&#8221;0.3&#8243; width=&#8221;1\/1&#8243; tablet_width_inherit=&#8221;default&#8221; animation_type=&#8221;default&#8221; bg_image_animation=&#8221;none&#8221; border_type=&#8221;simple&#8221; column_border_width=&#8221;none&#8221; column_border_style=&#8221;solid&#8221;][vc_column_text text_direction=&#8221;default&#8221;]\n<h1>Aviso legal<\/h1>\n<p><strong>Gracias por acceder a nuestro sitio web en Internet<\/strong><\/p>\n<p>En cumplimiento de lo dispuesto en la normativa vigente, se informa a los usuarios del sitio web <a href=\"http:\/\/www.ane-nie.com\/\"><strong>www.ane-nie.com<\/strong><\/a> (en adelante, &#8220;el sitio web&#8221;) de los siguientes datos:<\/p>\n<ul>\n<li><strong>Titular del sitio web<\/strong>: Asociaci\u00f3n Navarra de Escritores &#8211; Nafar Idazleen Elkartea<\/li>\n<li><strong>Direcci\u00f3n<\/strong>: C\/ R\u00edo Alzania, 23 2\u00baA, CP. 31006 Pamplona (Navarra)<\/li>\n<li><strong>CIF<\/strong>: G71310155<\/li>\n<li><strong>Correo electr\u00f3nico<\/strong>: <a href=\"mailto:info@ane-nie.com\">info@ane-nie.com<\/a><\/li>\n<li><strong>Tel\u00e9fono<\/strong>: 747413986<\/li>\n<\/ul>\n<p>El acceso y uso de este sitio web implica la aceptaci\u00f3n de los t\u00e9rminos y condiciones establecidos en el presente aviso legal. Si no est\u00e1 de acuerdo con los mismos, le rogamos que se abstenga de utilizar el sitio web.<\/p>\n<h3><strong>Propiedad Intelectual e Industrial<\/strong><\/h3>\n<p>Todos los contenidos del sitio web, incluyendo textos, im\u00e1genes, logotipos, dise\u00f1os y otros elementos, son propiedad de la Asociaci\u00f3n Navarra de Escritores &#8211; Nafar Idazleen Elkartea o de sus leg\u00edtimos titulares y est\u00e1n protegidos por las leyes de propiedad intelectual e industrial.<\/p>\n<p>Queda prohibida su reproducci\u00f3n, distribuci\u00f3n, modificaci\u00f3n, comunicaci\u00f3n p\u00fablica o cualquier otro uso sin el consentimiento expreso de su titular.<\/p>\n<h3><strong>Exclusi\u00f3n de Responsabilidad<\/strong><\/h3>\n<p>El titular del sitio web no se hace responsable de los da\u00f1os o perjuicios que pudieran derivarse del uso del sitio, ni garantiza la ausencia de errores o interrupciones en el acceso al mismo.<\/p>\n<h3><strong>Enlaces a Terceros<\/strong><\/h3>\n<p>El sitio web puede contener enlaces a p\u00e1ginas externas. La Asociaci\u00f3n Navarra de Escritores &#8211; Nafar Idazleen Elkartea no se responsabiliza de los contenidos ni del funcionamiento de estos sitios de terceros.<\/p>\n<h3><strong>Modificaciones<\/strong><\/h3>\n<p>La Asociaci\u00f3n Navarra de Escritores &#8211; Nafar Idazleen Elkartea se reserva el derecho de modificar el presente aviso legal sin previo aviso, con el fin de adaptarlo a cambios normativos o funcionales del sitio web.<\/p>\n<p><strong>Fecha de \u00faltima actualizaci\u00f3n<\/strong>: Noviembre 2024.[\/vc_column_text][\/vc_column][\/vc_row]\n","protected":false},"excerpt":{"rendered":"<p>[vc_row type=&#8221;in_container&#8221; full_screen_row_position=&#8221;middle&#8221; column_margin=&#8221;default&#8221; column_direction=&#8221;default&#8221; column_direction_tablet=&#8221;default&#8221; column_direction_phone=&#8221;default&#8221; scene_position=&#8221;center&#8221; top_padding=&#8221;120px&#8221; text_color=&#8221;dark&#8221; text_align=&#8221;left&#8221; row_border_radius=&#8221;none&#8221; row_border_radius_applies=&#8221;bg&#8221; overflow=&#8221;visible&#8221; overlay_strength=&#8221;0.3&#8243; gradient_direction=&#8221;left_to_right&#8221; shape_divider_position=&#8221;bottom&#8221; bg_image_animation=&#8221;none&#8221; gradient_type=&#8221;default&#8221; shape_type=&#8221;&#8221;][vc_column column_padding=&#8221;no-extra-padding&#8221; column_padding_tablet=&#8221;inherit&#8221; column_padding_phone=&#8221;inherit&#8221; column_padding_position=&#8221;all&#8221; column_element_direction_desktop=&#8221;default&#8221;&#8230;<\/p>\n","protected":false},"author":1,"featured_media":0,"parent":0,"menu_order":0,"comment_status":"closed","ping_status":"closed","template":"","meta":{"footnotes":""},"class_list":["post-8021","page","type-page","status-publish"],"yoast_head":"\n<title>Aviso legal - ANE<\/title>\n<meta name=\"robots\" content=\"index, follow, max-snippet:-1, max-image-preview:large, max-video-preview:-1\" \/>\n<link rel=\"canonical\" href=\"https:\/\/www.ane-nie.com\/eu\/aviso-legal\/\" \/>\n<meta property=\"og:locale\" content=\"eu_ES\" \/>\n<meta property=\"og:type\" content=\"article\" \/>\n<meta property=\"og:title\" content=\"Aviso legal - ANE\" \/>\n<meta property=\"og:description\" content=\"[vc_row type=&#8221;in_container&#8221; full_screen_row_position=&#8221;middle&#8221; column_margin=&#8221;default&#8221; column_direction=&#8221;default&#8221; column_direction_tablet=&#8221;default&#8221; column_direction_phone=&#8221;default&#8221; scene_position=&#8221;center&#8221; top_padding=&#8221;120px&#8221; text_color=&#8221;dark&#8221; text_align=&#8221;left&#8221; row_border_radius=&#8221;none&#8221; row_border_radius_applies=&#8221;bg&#8221; overflow=&#8221;visible&#8221; overlay_strength=&#8221;0.3&#8243; gradient_direction=&#8221;left_to_right&#8221; shape_divider_position=&#8221;bottom&#8221; bg_image_animation=&#8221;none&#8221; gradient_type=&#8221;default&#8221; shape_type=&#8221;&#8221;][vc_column column_padding=&#8221;no-extra-padding&#8221; column_padding_tablet=&#8221;inherit&#8221; column_padding_phone=&#8221;inherit&#8221; column_padding_position=&#8221;all&#8221; column_element_direction_desktop=&#8221;default&#8221;...\" \/>\n<meta property=\"og:url\" content=\"https:\/\/www.ane-nie.com\/eu\/aviso-legal\/\" \/>\n<meta property=\"og:site_name\" content=\"ANE\" \/>\n<meta property=\"article:publisher\" content=\"https:\/\/www.facebook.com\/ane.nie\" \/>\n<meta property=\"article:modified_time\" content=\"2024-11-25T15:53:48+00:00\" \/>\n<meta name=\"twitter:card\" content=\"summary_large_image\" \/>\n<meta name=\"twitter:label1\" content=\"Est. reading time\" \/>\n\t<meta name=\"twitter:data1\" content=\"3 minutes\" \/>\n<script type=\"application\/ld+json\" class=\"yoast-schema-graph\">{\"@context\":\"https:\/\/schema.org\",\"@graph\":[{\"@type\":\"WebPage\",\"@id\":\"https:\/\/www.ane-nie.com\/eu\/aviso-legal\/\",\"url\":\"https:\/\/www.ane-nie.com\/eu\/aviso-legal\/\",\"name\":\"Aviso legal - ANE\",\"isPartOf\":{\"@id\":\"https:\/\/www.ane-nie.com\/eu\/#website\"},\"datePublished\":\"2024-11-25T13:09:02+00:00\",\"dateModified\":\"2024-11-25T15:53:48+00:00\",\"breadcrumb\":{\"@id\":\"https:\/\/www.ane-nie.com\/eu\/aviso-legal\/#breadcrumb\"},\"inLanguage\":\"eu-ES\",\"potentialAction\":[{\"@type\":\"ReadAction\",\"target\":[\"https:\/\/www.ane-nie.com\/eu\/aviso-legal\/\"]}]},{\"@type\":\"BreadcrumbList\",\"@id\":\"https:\/\/www.ane-nie.com\/eu\/aviso-legal\/#breadcrumb\",\"itemListElement\":[{\"@type\":\"ListItem\",\"position\":1,\"name\":\"Portada\",\"item\":\"https:\/\/www.ane-nie.com\/eu\/\"},{\"@type\":\"ListItem\",\"position\":2,\"name\":\"Aviso legal\"}]},{\"@type\":\"WebSite\",\"@id\":\"https:\/\/www.ane-nie.com\/eu\/#website\",\"url\":\"https:\/\/www.ane-nie.com\/eu\/\",\"name\":\"ANE-NIE\",\"description\":\"\",\"publisher\":{\"@id\":\"https:\/\/www.ane-nie.com\/eu\/#organization\"},\"potentialAction\":[{\"@type\":\"SearchAction\",\"target\":{\"@type\":\"EntryPoint\",\"urlTemplate\":\"https:\/\/www.ane-nie.com\/eu\/?s={search_term_string}\"},\"query-input\":{\"@type\":\"PropertyValueSpecification\",\"valueRequired\":true,\"valueName\":\"search_term_string\"}}],\"inLanguage\":\"eu-ES\"},{\"@type\":\"Organization\",\"@id\":\"https:\/\/www.ane-nie.com\/eu\/#organization\",\"name\":\"Asociaci\u00f3n Navarra de Escritores y Escritoras - Nafar Idazleen Elkartea (ANE-NIE)\",\"url\":\"https:\/\/www.ane-nie.com\/eu\/\",\"logo\":{\"@type\":\"ImageObject\",\"inLanguage\":\"eu-ES\",\"@id\":\"https:\/\/www.ane-nie.com\/eu\/#\/schema\/logo\/image\/\",\"url\":\"https:\/\/www.ane-nie.com\/files\/uploads\/2024\/05\/logo-r.png\",\"contentUrl\":\"https:\/\/www.ane-nie.com\/files\/uploads\/2024\/05\/logo-r.png\",\"width\":165,\"height\":128,\"caption\":\"Asociaci\u00f3n Navarra de Escritores y Escritoras - Nafar Idazleen Elkartea (ANE-NIE)\"},\"image\":{\"@id\":\"https:\/\/www.ane-nie.com\/eu\/#\/schema\/logo\/image\/\"},\"sameAs\":[\"https:\/\/www.facebook.com\/ane.nie\",\"https:\/\/www.instagram.com\/literaturanavarra\/\"]}]}<\/script>\n","yoast_head_json":{"title":"Aviso legal - ANE","robots":{"index":"index","follow":"follow","max-snippet":"max-snippet:-1","max-image-preview":"max-image-preview:large","max-video-preview":"max-video-preview:-1"},"canonical":"https:\/\/www.ane-nie.com\/eu\/aviso-legal\/","og_locale":"eu_ES","og_type":"article","og_title":"Aviso legal - ANE","og_description":"[vc_row type=&#8221;in_container&#8221; full_screen_row_position=&#8221;middle&#8221; column_margin=&#8221;default&#8221; column_direction=&#8221;default&#8221; column_direction_tablet=&#8221;default&#8221; column_direction_phone=&#8221;default&#8221; scene_position=&#8221;center&#8221; top_padding=&#8221;120px&#8221; text_color=&#8221;dark&#8221; text_align=&#8221;left&#8221; row_border_radius=&#8221;none&#8221; row_border_radius_applies=&#8221;bg&#8221; overflow=&#8221;visible&#8221; overlay_strength=&#8221;0.3&#8243; gradient_direction=&#8221;left_to_right&#8221; shape_divider_position=&#8221;bottom&#8221; bg_image_animation=&#8221;none&#8221; gradient_type=&#8221;default&#8221; shape_type=&#8221;&#8221;][vc_column column_padding=&#8221;no-extra-padding&#8221; column_padding_tablet=&#8221;inherit&#8221; column_padding_phone=&#8221;inherit&#8221; column_padding_position=&#8221;all&#8221; column_element_direction_desktop=&#8221;default&#8221;...","og_url":"https:\/\/www.ane-nie.com\/eu\/aviso-legal\/","og_site_name":"ANE","article_publisher":"https:\/\/www.facebook.com\/ane.nie","article_modified_time":"2024-11-25T15:53:48+00:00","twitter_card":"summary_large_image","twitter_misc":{"Est. reading time":"3 minutes"},"schema":{"@context":"https:\/\/schema.org","@graph":[{"@type":"WebPage","@id":"https:\/\/www.ane-nie.com\/eu\/aviso-legal\/","url":"https:\/\/www.ane-nie.com\/eu\/aviso-legal\/","name":"Aviso legal - ANE","isPartOf":{"@id":"https:\/\/www.ane-nie.com\/eu\/#website"},"datePublished":"2024-11-25T13:09:02+00:00","dateModified":"2024-11-25T15:53:48+00:00","breadcrumb":{"@id":"https:\/\/www.ane-nie.com\/eu\/aviso-legal\/#breadcrumb"},"inLanguage":"eu-ES","potentialAction":[{"@type":"ReadAction","target":["https:\/\/www.ane-nie.com\/eu\/aviso-legal\/"]}]},{"@type":"BreadcrumbList","@id":"https:\/\/www.ane-nie.com\/eu\/aviso-legal\/#breadcrumb","itemListElement":[{"@type":"ListItem","position":1,"name":"Portada","item":"https:\/\/www.ane-nie.com\/eu\/"},{"@type":"ListItem","position":2,"name":"Aviso legal"}]},{"@type":"WebSite","@id":"https:\/\/www.ane-nie.com\/eu\/#website","url":"https:\/\/www.ane-nie.com\/eu\/","name":"ANE-NIE","description":"","publisher":{"@id":"https:\/\/www.ane-nie.com\/eu\/#organization"},"potentialAction":[{"@type":"SearchAction","target":{"@type":"EntryPoint","urlTemplate":"https:\/\/www.ane-nie.com\/eu\/?s={search_term_string}"},"query-input":{"@type":"PropertyValueSpecification","valueRequired":true,"valueName":"search_term_string"}}],"inLanguage":"eu-ES"},{"@type":"Organization","@id":"https:\/\/www.ane-nie.com\/eu\/#organization","name":"Asociaci\u00f3n Navarra de Escritores y Escritoras - Nafar Idazleen Elkartea (ANE-NIE)","url":"https:\/\/www.ane-nie.com\/eu\/","logo":{"@type":"ImageObject","inLanguage":"eu-ES","@id":"https:\/\/www.ane-nie.com\/eu\/#\/schema\/logo\/image\/","url":"https:\/\/www.ane-nie.com\/files\/uploads\/2024\/05\/logo-r.png","contentUrl":"https:\/\/www.ane-nie.com\/files\/uploads\/2024\/05\/logo-r.png","width":165,"height":128,"caption":"Asociaci\u00f3n Navarra de Escritores y Escritoras - Nafar Idazleen Elkartea (ANE-NIE)"},"image":{"@id":"https:\/\/www.ane-nie.com\/eu\/#\/schema\/logo\/image\/"},"sameAs":["https:\/\/www.facebook.com\/ane.nie","https:\/\/www.instagram.com\/literaturanavarra\/"]}]}},"_links":{"self":[{"href":"https:\/\/www.ane-nie.com\/eu\/wp-json\/wp\/v2\/pages\/8021","targetHints":{"allow":["GET"]}}],"collection":[{"href":"https:\/\/www.ane-nie.com\/eu\/wp-json\/wp\/v2\/pages"}],"about":[{"href":"https:\/\/www.ane-nie.com\/eu\/wp-json\/wp\/v2\/types\/page"}],"author":[{"embeddable":true,"href":"https:\/\/www.ane-nie.com\/eu\/wp-json\/wp\/v2\/users\/1"}],"replies":[{"embeddable":true,"href":"https:\/\/www.ane-nie.com\/eu\/wp-json\/wp\/v2\/comments?post=8021"}],"version-history":[{"count":1,"href":"https:\/\/www.ane-nie.com\/eu\/wp-json\/wp\/v2\/pages\/8021\/revisions"}],"predecessor-version":[{"id":8022,"href":"https:\/\/www.ane-nie.com\/eu\/wp-json\/wp\/v2\/pages\/8021\/revisions\/8022"}],"wp:attachment":[{"href":"https:\/\/www.ane-nie.com\/eu\/wp-json\/wp\/v2\/media?parent=8021"}],"curies":[{"name":"wp","href":"https:\/\/api.w.org\/{rel}","templated":true}]}}